{"id":200,"date":"2021-01-27T12:51:10","date_gmt":"2021-01-27T12:51:10","guid":{"rendered":"https:\/\/iasep.gob.ar\/wp\/?page_id=200"},"modified":"2021-01-28T12:58:22","modified_gmt":"2021-01-28T12:58:22","slug":"esena-historica","status":"publish","type":"page","link":"https:\/\/iasep.gob.ar\/?page_id=200","title":{"rendered":"Rese\u00f1a Hist\u00f3rica"},"content":{"rendered":"\n    <div id=\"main\">  \n        <div class=\"container\">\n        \n\n            <div class=\"fondo\"><!--contenido -->\n                <p>De acuerdo a los documentos de archivo obrantes en esta Obra Social, se refleja los instrumentos legales que dieron origen a la creaci\u00f3n del Instituto de Asistencia Social para Empleados P\u00fablicos.<\/p>\n\n                <p>Es as\u00ed que por Decreto N\u00ba 694 del 28 de Agosto de 1.962, se constituye con car\u00e1cter \u201cAD HONOREM\u201d la Comisi\u00f3n Organizadora del Instituto de Asistencia Social para Empleados P\u00fablicos, quien ser\u00e1 la encargada de la redacci\u00f3n del Decreto de creaci\u00f3n de la Obra Social, sobre la base de un ente aut\u00e1rquico y de acuerdo a las previsiones de la Ley N\u00ba 4 y 30, dicha Comisi\u00f3n tambi\u00e9n era la encargada de confeccionar el Estatuto Social de la Entidad.<\/p>\n\n                <p>Este hecho es la resultante de un comprometido trabajo de hombres que entregaron su esfuerzo intelectual para sentar las bases fundacionales sobre las que habr\u00eda de asentarse el Instituto.<\/p>\n\n                <p><strong>Esta verdadera acci\u00f3n revolucionaria en materia social dio inicio f\u00e1ctico un 02 de Mayo de 1963,con el inicio de sus primeras prestaciones<\/strong>, fecha que hoy es valorada por la cultura de la organizaci\u00f3n como jornada adecuada para celebrar el verdadero alumbramiento de la Obra Social, m\u00e1s all\u00e1 de los tiempos administrativos.<\/p>\n                <p><strong>Esta Comisi\u00f3n fue presidida por el Secretario General de la Intervenci\u00f3n Federal, Dr. Ovidio Rafael Saurit e integrada adem\u00e1s por los siguientes funcionarios provinciales:<\/strong><\/p>\n            <!--inicio tabla -->\n            <div class=\"divTable blueTable\">\n                <div class=\"divTableBody\">\n                <div class=\"divTableRow\">\n                <div class=\"divTableCell\"><strong> Gobernaci\u00f3n<\/strong><\/div>\n                <div class=\"divTableCell\">Pro-Secretario General Dn. Ra\u00fal Leguizam\u00f3n<\/div>\n                <\/div>\n                <div class=\"divTableRow\">\n                <div class=\"divTableCell\"><strong>Por Ministerio de Gobierno<\/strong><\/div>\n                <div class=\"divTableCell\">El Jefe de Despacho Dn. Oscar Villafa\u00f1e<\/div>\n                <\/div>\n                <div class=\"divTableRow\">\n                <div class=\"divTableCell\"><strong>Por el Ministerio de Econom\u00eda<\/strong><\/div>\n                <div class=\"divTableCell\">El Director de Estad\u00edsticas y Censos Dn. Daniel Mart\u00edn Garc\u00eda<\/div>\n                <\/div>\n                <div class=\"divTableRow\">\n                <div class=\"divTableCell\"><strong>Por Ministerio de Asuntos Sociales<\/strong><\/div>\n                <div class=\"divTableCell\">El Jefe del Departamento de 1re Dn. Prudencio Miranda<\/div>\n                <\/div>\n                <div class=\"divTableRow\">\n                <div class=\"divTableCell\"><strong>Asesor Letrado<\/strong><\/div>\n                <div class=\"divTableCell\">Dr. Gualberto Ferreira<\/div>\n                <\/div>\n                <div class=\"divTableRow\">\n                <div class=\"divTableCell\"><strong>Asesores Contables<\/strong><\/div>\n                <div class=\"divTableCell\">C.P.N. Ladislao Trachta y Gerardo Ben\u00edtez<\/div>\n                <\/div>\n                <\/div>\n                <\/div><!--FIN tabla -->\n                <br><p>La institucionalizaci\u00f3n, en el marco de los art\u00edculos 56 y 58 de la Constituci\u00f3n Provincial y 50 de la Ley Provincial N\u00ba 4 vendr\u00e1 el 27 de Diciembre de 1962 mediante Decreto N\u00ba 1463.<\/p>\n\n                <p>La flamante Obra Social de los trabajadores del Sector P\u00fablico de la Provincia de Formosa es administrada inicialmente por una Comisi\u00f3n Directiva mixta integrada 3 miembros por el Estado y 3 miembros representantes de los afiliados, respondiendo a una estructura org\u00e1nica compuesta por un Presidente, un Secretario, un Tesorero, tres vocales con una duraci\u00f3n de un a\u00f1o en su mandatos con opci\u00f3n a reelecci\u00f3n.<\/p>\n\n                <p>En estas condiciones, tambi\u00e9n son establecidos recursos para el funcionamiento, y las condiciones para que los trabajadores p\u00fablicos puedan afiliarse y acceder a los beneficios sociales que la Obra Social comenzar\u00eda a prestar.<\/p>\n\n                <p>El devenir institucional determina que un 25 de Julio de 1974 el Decreto Ley27\/74 modifique el Decreto 1463\/62, creando una nueva estructura org\u00e1nica. Ser\u00eda el Decreto 458\/75 el que habr\u00eda de establecer las pautas reglamentarias.<\/p>\n\n                <p>Esta ocasi\u00f3n es propicia para recordar con un profundo reconocimiento a todos aquellos hombres que asumieron el compromiso social de sentar las bases para el dise\u00f1o de una organizaci\u00f3n que atienda la demanda m\u00e9dico-asistencial, cl\u00ednicas, odontol\u00f3gicas, farmac\u00e9uticas, econ\u00f3micas, sociales y tambi\u00e9n culturales. As\u00ed, en la dial\u00e9ctica de las ideas, surge el nombre que hoy conocemos tras 57 a\u00f1os de vida: <strong>INSTITUTO DE ASISTENCIA SOCIAL PARA EMPLEADOS PUBLICOS I.A.S.E.P.<\/strong><\/p>\n\n                <p>Sin olvidarnos de nadie, porque quienes nombramos llevan tras de s\u00ed los nombres de todas las mujeres y todos los hombres que han puesto su esfuerzo en construir una herramienta efectiva de protecci\u00f3n social para la familia del trabajador estatal formose\u00f1o:\n\n                <strong>Ra\u00fal Leguizam\u00f3n, Oscar Villafa\u00f1e, Dr. Ovidio Saurit, Dr. Gualberto Ferreira, Dra. Dora Regeni de Llanos, Sra. Margarita Tarantini de Formosa, Sr. Wenceslao Simonsini, Dr. H\u00e9ctor Pastor, Dr. Juan de Dios Cabral, Sr. Antonio Arce, Prof. Dn. V\u00edctor Ar\u00edstides D\u00edaz, Dn. Lorenzo Borrini<\/strong>. Tal fue su dedicaci\u00f3n en pro del noble objetivo antes enunciado.<\/p>\n\n                <p>Muchas circunstancias han transcurrido desde entonces. M\u00e1s all\u00e1 de los vaivenes propios del devenir institucional, siempre ha habido algo que permaneci\u00f3 con absoluta fortaleza: el compromiso del trabajador de la Obra Social.<\/p>\n\n                <p>Ya en tiempos en que la Provincia de Formosa habr\u00eda de perfilar una nueva configuraci\u00f3n en la Pol\u00edtica Social como Pol\u00edtica Fundamental del Estado, a partir de la conducci\u00f3n del Dr. Gildo Insfr\u00e1n como verdadero int\u00e9rprete del sentir del pueblo Formose\u00f1o.<\/p>\n\n                <p>Consecuente con el axiom\u00e1tico pensamiento del Gobernador de la Provincia, el Dr. G\u00f3mez habr\u00eda de transmutar una inercia institucional en una proactividad social hecha servicio para la gente.<\/p>\n\n                <p>Sus logros han sido y son el logro del Superior Gobierno de la Provincia de Formosa, que con firme voluntad ha traducido la combinaci\u00f3n de esfuerzos y recursos a la refundaci\u00f3n del I.A.S.E.P. como pilar de la atenci\u00f3n asistencial y prestacional con amplio sentido social.<\/p>\n\n                <p>As\u00ed se ha restablecido con nuevo concepto la atenci\u00f3n farmac\u00e9utica, se han planteado reformas edilicias tendientes a mejorar los ambientes de trabajo para atender mayor volumen de demanda con mayores servicios y mejor calidad, se ha conectado la gesti\u00f3n institucional con cada punto del territorio de la Provincia a partir de las Delegaciones del Interior, y se ha procedido eficientemente a mejorar las relaciones contractuales y convencionales con prestadoresy proveedores provinciales y nacionales.<\/p>\n\n                <p>Tras este despegue de la Obra Social, que direccion\u00f3 con la gesti\u00f3n del Dr. G\u00f3mez definitivamente los cambios y traz\u00f3 una huella indeleble para seguir y hacer honor a la Justicia Social que sostiene el pensamiento y la praxis del Dr. Gildo Insfr\u00e1n.<\/p>\n\n                <p>La l\u00ednea de continuidad es clara y firme: poner nuestras ideas, nuestros recursos y nuestros hombros desde, por y para la gente.<\/p>\n\n                <p>En tal sentido, se ha trabajado desde el a\u00f1o 2000 en la intensificaci\u00f3n de los logros establecidos, mejorando el aspecto estrat\u00e9gico y operativo de cada una de las Unidades de Gesti\u00f3n de Servicios del Instituto, optimizando la disponibilidad de los recursos, realizando acciones de capacitaci\u00f3n, articulando esfuerzos con otros efectores del Sistema de Salud P\u00fablica de la Provincia y ejecutando un cambio tecnol\u00f3gico sostenido para integrar el sistema de informaci\u00f3n disponible.<\/p>\n\n                <p>Esta voluntad pol\u00edtica esclarecida en materia social de manos de nuestro Gobernador sumada a la articulaci\u00f3n impartida por el Ministerio de Desarrollo Humano para con el I.AS.E.P. es lo que hoy hace posible destacar una realidad plena de trabajo en el cuidado del conjunto de los afiliados, que ha de cristalizarse en una sociedad donde la Justicia Social sea un hecho cotidiano desde cada uno de nuestros puestos de lucha.<\/p>\n\n                <p>A los trabajadores del I.A.S.E.P., art\u00edfices del servicio a la comunidad formose\u00f1a.<\/p>\n\n\n            <\/div>\n        \n \n","protected":false},"excerpt":{"rendered":"<p>De acuerdo a los documentos de archivo obrantes en esta Obra Social, se refleja los instrumentos legales que dieron origen a la creaci\u00f3n del Instituto de Asistencia Social para Empleados P\u00fablicos. Es as\u00ed que por Decreto N\u00ba 694 del 28 de Agosto de 1.962, se constituye con car\u00e1cter \u201cAD HONOREM\u201d la Comisi\u00f3n Organizadora del Instituto [&hellip;]<\/p>\n","protected":false},"author":1,"featured_media":0,"parent":0,"menu_order":0,"comment_status":"closed","ping_status":"closed","template":"","meta":{"footnotes":""},"class_list":["post-200","page","type-page","status-publish","hentry"],"_links":{"self":[{"href":"https:\/\/iasep.gob.ar\/index.php?rest_route=\/wp\/v2\/pages\/200","targetHints":{"allow":["GET"]}}],"collection":[{"href":"https:\/\/iasep.gob.ar\/index.php?rest_route=\/wp\/v2\/pages"}],"about":[{"href":"https:\/\/iasep.gob.ar\/index.php?rest_route=\/wp\/v2\/types\/page"}],"author":[{"embeddable":true,"href":"https:\/\/iasep.gob.ar\/index.php?rest_route=\/wp\/v2\/users\/1"}],"replies":[{"embeddable":true,"href":"https:\/\/iasep.gob.ar\/index.php?rest_route=%2Fwp%2Fv2%2Fcomments&post=200"}],"version-history":[{"count":7,"href":"https:\/\/iasep.gob.ar\/index.php?rest_route=\/wp\/v2\/pages\/200\/revisions"}],"predecessor-version":[{"id":300,"href":"https:\/\/iasep.gob.ar\/index.php?rest_route=\/wp\/v2\/pages\/200\/revisions\/300"}],"wp:attachment":[{"href":"https:\/\/iasep.gob.ar\/index.php?rest_route=%2Fwp%2Fv2%2Fmedia&parent=200"}],"curies":[{"name":"wp","href":"https:\/\/api.w.org\/{rel}","templated":true}]}}