{"id":223,"date":"2021-01-27T13:11:46","date_gmt":"2021-01-27T13:11:46","guid":{"rendered":"https:\/\/iasep.gob.ar\/wp\/?page_id=223"},"modified":"2024-10-03T07:47:10","modified_gmt":"2024-10-03T10:47:10","slug":"periodo-de-carencia","status":"publish","type":"page","link":"https:\/\/iasep.gob.ar\/?page_id=223","title":{"rendered":"Periodo de Carencia"},"content":{"rendered":"\r\n<div id=\"main\">\r\n<div class=\"container\">\r\n<h2>Periodos de Carencia para la Afiliaci\u00f3n Voluntaria<\/h2>\r\n<h4>Anexo II Resoluci\u00f3n N\u00b0 0765\/10<\/h4>\r\n<div class=\"fondo\"><!--contenido -->\r\n<div class=\"table-responsive\">\r\n<table class=\"table table-hover\">\r\n<thead>\r\n<tr class=\"formato\">\r\n<th>Carencia<\/th>\r\n<th>\u00a0<\/th>\r\n<th>Tiempo de Uso<\/th>\r\n<\/tr>\r\n<\/thead>\r\n<tbody>\r\n<tr class=\"success\">\r\n<td>Entrega del Carnet<\/td>\r\n<td>\u00a0<\/td>\r\n<td>Con el primer aporte<\/td>\r\n<\/tr>\r\n<tr class=\"info\">\r\n<td>Cirug\u00edas de Urgencia<\/td>\r\n<td>\u00a0<\/td>\r\n<td>Con el primer aporte<\/td>\r\n<\/tr>\r\n<tr class=\"success\">\r\n<td>Consultas en consultorio Externo<\/td>\r\n<td>\u00a0<\/td>\r\n<td>Con el primer aporte<\/td>\r\n<\/tr>\r\n<tr class=\"info\">\r\n<td>Medicamentos en Farmacia seg\u00fan Vademecum<\/td>\r\n<td>\u00a0<\/td>\r\n<td>Con el primer aporte<\/td>\r\n<\/tr>\r\n<tr class=\"success\">\r\n<td>Radiograf\u00edas no contrastadas<\/td>\r\n<td>\u00a0<\/td>\r\n<td>Con el primer aporte<\/td>\r\n<\/tr>\r\n<tr class=\"info\">\r\n<td>Laboratorio de Baja Complejidad<\/td>\r\n<td>\u00a0<\/td>\r\n<td>Con el primer aporte<\/td>\r\n<\/tr>\r\n<tr class=\"success\">\r\n<td>Laboratorio de mayor complejidad<\/td>\r\n<td>\u00a0<\/td>\r\n<td>60 d\u00edas<\/td>\r\n<\/tr>\r\n<tr class=\"info\">\r\n<td>Radiograf\u00edas contrastadas<\/td>\r\n<td>\u00a0<\/td>\r\n<td>60 d\u00edas<\/td>\r\n<\/tr>\r\n<tr class=\"success\">\r\n<td>Odontolog\u00eda<\/td>\r\n<td>\u00a0<\/td>\r\n<td>90 d\u00edas<\/td>\r\n<\/tr>\r\n<tr class=\"info\">\r\n<td>Pr\u00e1cticas Anatomo Patol\u00f3gicas<\/td>\r\n<td>\u00a0<\/td>\r\n<td>90 d\u00edas<\/td>\r\n<\/tr>\r\n<tr class=\"success\">\r\n<td>Pr\u00e1cticas de Alta Complejidad y No Nomenclada<\/td>\r\n<td>\u00a0<\/td>\r\n<td>90 d\u00edas<\/td>\r\n<\/tr>\r\n<tr class=\"info\">\r\n<td>Pr\u00e1cticas Kinesiol\u00f3gicas<\/td>\r\n<td>\u00a0<\/td>\r\n<td>120 d\u00edas<\/td>\r\n<\/tr>\r\n<tr class=\"success\">\r\n<td>Ecograf\u00edas y Mamograf\u00edas<\/td>\r\n<td>\u00a0<\/td>\r\n<td>120 d\u00edas<\/td>\r\n<\/tr>\r\n<tr class=\"info\">\r\n<td>Pr\u00e1cticas de Alta Complejidad<\/td>\r\n<td>\u00a0<\/td>\r\n<td>120 d\u00edas<\/td>\r\n<\/tr>\r\n<tr class=\"success\">\r\n<td>Fonoaudiolog\u00eda<\/td>\r\n<td>\u00a0<\/td>\r\n<td>120 d\u00edas<\/td>\r\n<\/tr>\r\n<tr class=\"info\">\r\n<td>Fibroscop\u00edas<\/td>\r\n<td>\u00a0<\/td>\r\n<td>120 d\u00edas<\/td>\r\n<\/tr>\r\n<tr class=\"success\">\r\n<td>Medicina Nuclear<\/td>\r\n<td>\u00a0<\/td>\r\n<td>180 d\u00edas<\/td>\r\n<\/tr>\r\n<tr class=\"info\">\r\n<td>Psiquiatr\u00eda<\/td>\r\n<td>\u00a0<\/td>\r\n<td>180 d\u00edas<\/td>\r\n<\/tr>\r\n<tr class=\"success\">\r\n<td>Alergia<\/td>\r\n<td>\u00a0<\/td>\r\n<td>180 d\u00edas<\/td>\r\n<\/tr>\r\n<tr class=\"info\">\r\n<td>Tomograf\u00eda Axial Computada<\/td>\r\n<td>\u00a0<\/td>\r\n<td>180 d\u00edas<\/td>\r\n<\/tr>\r\n<tr class=\"success\">\r\n<td>Cuidados Intermedios<\/td>\r\n<td>\u00a0<\/td>\r\n<td>240 d\u00edas<\/td>\r\n<\/tr>\r\n<tr class=\"info\">\r\n<td>Unidad de Terapia Intensiva<\/td>\r\n<td>\u00a0<\/td>\r\n<td>240 d\u00edas<\/td>\r\n<\/tr>\r\n<tr class=\"success\">\r\n<td>Unidad Coronaria<\/td>\r\n<td>\u00a0<\/td>\r\n<td>240 d\u00edas<\/td>\r\n<\/tr>\r\n<tr class=\"info\">\r\n<td>Cirug\u00edas Traumatol\u00f3gicas<\/td>\r\n<td>\u00a0<\/td>\r\n<td>240 d\u00edas<\/td>\r\n<\/tr>\r\n<tr class=\"success\">\r\n<td>Internaciones Cl\u00ednicas<\/td>\r\n<td>\u00a0<\/td>\r\n<td>2410 d\u00edas<\/td>\r\n<\/tr>\r\n<tr class=\"info\">\r\n<td>Resonancia Nuclear Magn\u00e9tica<\/td>\r\n<td>\u00a0<\/td>\r\n<td>240 d\u00edas<\/td>\r\n<\/tr>\r\n<tr class=\"success\">\r\n<td>Hemodi\u00e1lisis en Agudo<\/td>\r\n<td>\u00a0<\/td>\r\n<td>240 d\u00edas<\/td>\r\n<\/tr>\r\n<tr class=\"info\">\r\n<td>Partos<\/td>\r\n<td>\u00a0<\/td>\r\n<td>365 d\u00edas<\/td>\r\n<\/tr>\r\n<tr class=\"success\">\r\n<td>Cirug\u00eda Cardiovascular Perif\u00e9rica<\/td>\r\n<td>\u00a0<\/td>\r\n<td>365 d\u00edas<\/td>\r\n<\/tr>\r\n<tr class=\"info\">\r\n<td>Cirug\u00eda de Complejidad Neurol\u00f3gica y Oftalmol\u00f3gica<\/td>\r\n<td>\u00a0<\/td>\r\n<td>365 d\u00edas<\/td>\r\n<\/tr>\r\n<tr class=\"success\">\r\n<td>Servicio de Sepelio y Subsidio por Fallecimiento<\/td>\r\n<td>\u00a0<\/td>\r\n<td>365 d\u00edas<\/td>\r\n<\/tr>\r\n<tr class=\"success\">\r\n<td>Derivaci\u00f3n y\/o Atenci\u00f3n Extraprovincial<\/td>\r\n<td>\u00a0<\/td>\r\n<td>365 d\u00edas<\/td>\r\n<\/tr>\r\n<tr class=\"info\">\r\n<td>Trasplantes de \u00d3rganos<\/td>\r\n<td>\u00a0<\/td>\r\n<td>720 d\u00edas<\/td>\r\n<\/tr>\r\n<tr class=\"success\">\r\n<td>Cirug\u00eda Vertebro Medular<\/td>\r\n<td>\u00a0<\/td>\r\n<td>720 d\u00edas<\/td>\r\n<\/tr>\r\n<tr class=\"info\">\r\n<td>Drogas (Oncol\u00f3gicas, etc.)<\/td>\r\n<td>\u00a0<\/td>\r\n<td>36 meses<\/td>\r\n<\/tr>\r\n<tr class=\"success\">\r\n<td>Hemodi\u00e1lisis Cr\u00f3nica<\/td>\r\n<td>\u00a0<\/td>\r\n<td>48 meses<\/td>\r\n<\/tr>\r\n<\/tbody>\r\n<\/table>\r\n<\/div>\r\n<\/div>\r\n<!--fin contenido  --><\/div>\r\n<\/div>\r\n","protected":false},"excerpt":{"rendered":"<p>Periodos de Carencia para la Afiliaci\u00f3n Voluntaria Anexo II Resoluci\u00f3n N\u00b0 0765\/10 Carencia \u00a0 Tiempo de Uso Entrega del Carnet \u00a0 Con el primer aporte Cirug\u00edas de Urgencia \u00a0 Con el primer aporte Consultas en consultorio Externo \u00a0 Con el primer aporte Medicamentos en Farmacia seg\u00fan Vademecum \u00a0 Con el primer aporte Radiograf\u00edas no contrastadas [&hellip;]<\/p>\n","protected":false},"author":1,"featured_media":0,"parent":0,"menu_order":0,"comment_status":"closed","ping_status":"closed","template":"","meta":{"footnotes":""},"class_list":["post-223","page","type-page","status-publish","hentry"],"_links":{"self":[{"href":"https:\/\/iasep.gob.ar\/index.php?rest_route=\/wp\/v2\/pages\/223","targetHints":{"allow":["GET"]}}],"collection":[{"href":"https:\/\/iasep.gob.ar\/index.php?rest_route=\/wp\/v2\/pages"}],"about":[{"href":"https:\/\/iasep.gob.ar\/index.php?rest_route=\/wp\/v2\/types\/page"}],"author":[{"embeddable":true,"href":"https:\/\/iasep.gob.ar\/index.php?rest_route=\/wp\/v2\/users\/1"}],"replies":[{"embeddable":true,"href":"https:\/\/iasep.gob.ar\/index.php?rest_route=%2Fwp%2Fv2%2Fcomments&post=223"}],"version-history":[{"count":4,"href":"https:\/\/iasep.gob.ar\/index.php?rest_route=\/wp\/v2\/pages\/223\/revisions"}],"predecessor-version":[{"id":959,"href":"https:\/\/iasep.gob.ar\/index.php?rest_route=\/wp\/v2\/pages\/223\/revisions\/959"}],"wp:attachment":[{"href":"https:\/\/iasep.gob.ar\/index.php?rest_route=%2Fwp%2Fv2%2Fmedia&parent=223"}],"curies":[{"name":"wp","href":"https:\/\/api.w.org\/{rel}","templated":true}]}}