{"id":225,"date":"2021-01-27T13:12:42","date_gmt":"2021-01-27T13:12:42","guid":{"rendered":"https:\/\/iasep.gob.ar\/wp\/?page_id=225"},"modified":"2025-12-26T09:44:51","modified_gmt":"2025-12-26T12:44:51","slug":"autorizacion-y-venta-de-ordenes-medicas","status":"publish","type":"page","link":"https:\/\/iasep.gob.ar\/?page_id=225","title":{"rendered":"Autorizaci\u00f3n y Venta de \u00d3rdenes M\u00e9dicas"},"content":{"rendered":"\r\n<div id=\"main\">\r\n<div class=\"container\">\r\n<h1>Autorizaci\u00f3n y Venta de \u00d3rdenes M\u00e9dicas<\/h1>\r\n<div class=\"fondo\"><!--contenido -->\r\n<p>El Departamento de Autorizaci\u00f3n y Ventas de \u00d3rdenes M\u00e9dicas es el \u00e1rea dependiente del Departamento Prestaciones. <br \/>Su funci\u00f3n principal es la atenci\u00f3n al afiliado en la venta de \u00f3rdenes m\u00e9dicas, odontol\u00f3gicas y oftalmol\u00f3gicas, como as\u00ed tambi\u00e9n la autorizaci\u00f3n de prestaciones m\u00e9dicas. El \u00e1rea cuenta con profesionales de la salud, que controlan y auditan los requerimientos m\u00e9dicos solicitados.<\/p>\r\n<br \/>\r\n<h4>Precio \u00d3rdenes de Consulta: $2000,00<\/h4>\r\n<p>Para la compra de \u00f3rdenes se solicitar\u00e1 <strong>DNI y Carnet del Afiliado Titular.<\/strong>\u00a0<\/p>\r\n<br \/>\r\n<ul class=\"list-group\">\r\n  <li class=\"list-group-item active\" aria-current=\"true\">Horarios de Atenci\u00f3n al P\u00fablico<\/li>\r\n  <li class=\"list-group-item\"><strong> Anexos Central &#8211; Rivadavia:<\/strong> lunes a viernes: 8:00 hs a 19:45 hs<\/li>\r\n  <li class=\"list-group-item\"><strong>Anexo B\u00b0 Rep\u00fablica Argentina:<\/strong> lunes a viernes: 8:00 hs a 14:00 hs<\/li>\r\n<\/ul>\r\n<!--fin contenido --><\/div>\r\n<\/div>\r\n<\/div>","protected":false},"excerpt":{"rendered":"<p>Autorizaci\u00f3n y Venta de \u00d3rdenes M\u00e9dicas El Departamento de Autorizaci\u00f3n y Ventas de \u00d3rdenes M\u00e9dicas es el \u00e1rea dependiente del Departamento Prestaciones. Su funci\u00f3n principal es la atenci\u00f3n al afiliado en la venta de \u00f3rdenes m\u00e9dicas, odontol\u00f3gicas y oftalmol\u00f3gicas, como as\u00ed tambi\u00e9n la autorizaci\u00f3n de prestaciones m\u00e9dicas. El \u00e1rea cuenta con profesionales de la salud, [&hellip;]<\/p>\n","protected":false},"author":1,"featured_media":0,"parent":0,"menu_order":0,"comment_status":"closed","ping_status":"closed","template":"","meta":{"footnotes":""},"class_list":["post-225","page","type-page","status-publish","hentry"],"_links":{"self":[{"href":"https:\/\/iasep.gob.ar\/index.php?rest_route=\/wp\/v2\/pages\/225","targetHints":{"allow":["GET"]}}],"collection":[{"href":"https:\/\/iasep.gob.ar\/index.php?rest_route=\/wp\/v2\/pages"}],"about":[{"href":"https:\/\/iasep.gob.ar\/index.php?rest_route=\/wp\/v2\/types\/page"}],"author":[{"embeddable":true,"href":"https:\/\/iasep.gob.ar\/index.php?rest_route=\/wp\/v2\/users\/1"}],"replies":[{"embeddable":true,"href":"https:\/\/iasep.gob.ar\/index.php?rest_route=%2Fwp%2Fv2%2Fcomments&post=225"}],"version-history":[{"count":26,"href":"https:\/\/iasep.gob.ar\/index.php?rest_route=\/wp\/v2\/pages\/225\/revisions"}],"predecessor-version":[{"id":1110,"href":"https:\/\/iasep.gob.ar\/index.php?rest_route=\/wp\/v2\/pages\/225\/revisions\/1110"}],"wp:attachment":[{"href":"https:\/\/iasep.gob.ar\/index.php?rest_route=%2Fwp%2Fv2%2Fmedia&parent=225"}],"curies":[{"name":"wp","href":"https:\/\/api.w.org\/{rel}","templated":true}]}}