{"id":236,"date":"2021-01-27T13:20:49","date_gmt":"2021-01-27T13:20:49","guid":{"rendered":"https:\/\/iasep.gob.ar\/wp\/?page_id=236"},"modified":"2025-12-26T08:36:03","modified_gmt":"2025-12-26T11:36:03","slug":"cuenta-corriente","status":"publish","type":"page","link":"https:\/\/iasep.gob.ar\/?page_id=236","title":{"rendered":"Cuenta Corriente"},"content":{"rendered":"\r\n<div id=\"main\">\r\n<div class=\"container\">\r\n<h1>Cuenta Corriente<\/h1>\r\n<div class=\"fondo\"><!--contenido -->\r\n<p>En el Departamento de Cuenta Corriente, el afiliado al IASEP puede realizar las siguientes consultas y\/o tr\u00e1mites:<\/p>\r\n<p>&nbsp;<\/p>\r\n<ul class=\"list-group\">\r\n<li class=\"list-group-item active\">Tr\u00e1mites<\/li>\r\n<li class=\"list-group-item\">Estado de cuenta<\/li>\r\n<li class=\"list-group-item\">Libre deuda<\/li>\r\n<li class=\"list-group-item\">Informe sobre descuentos por asistencia m\u00e9dica<\/li>\r\n<\/ul>\r\n<br \/>\r\n<p>Para solicitar la autorizaci\u00f3n de alguna prestaci\u00f3n o para la compra de medicamentos por cuenta corriente debe tener firma y sello correspondiente.<\/p>\r\n<br \/>\r\n<p>Adem\u00e1s, esta oficina realiza las siguientes funciones dentro de la instituci\u00f3n:<\/p>\r\n<ul class=\"list-group\">\r\n<li class=\"list-group-item list-group-item-warning\">Carga de facturas interprovincial<\/li>\r\n<li class=\"list-group-item list-group-item-danger\">Acreditaci\u00f3n de importes provenientes de reintegros de Farmacia<\/li>\r\n<li class=\"list-group-item list-group-item-warning\">Carga de datos relacionados con accidentes de trabajo<\/li>\r\n<li class=\"list-group-item list-group-item-danger\">Env\u00edo de Listado de Afiliados con prestaciones en Cuenta Corriente a cada organismo (locales y del interior)<\/li>\r\n<\/ul>\r\n<br \/>\r\n<p><strong>Lugar de Atenci\u00f3n:<\/strong><\/p>\r\nMoreno 1170 &#8211; 1\u00b0 piso.\r\n<p>&nbsp;<\/p>\r\n<p><strong>D\u00edas y Horarios de Atenci\u00f3n:<\/strong><\/p>\r\n<p>&nbsp;<\/p>\r\n<p>Lunes a viernes de 08:00 hs a 14:00 hs\u00a0<\/p>\r\n<\/div>\r\n<!--FIN contenido --><\/div>\r\n<\/div>\r\n\r\n\r\n\r\n<p>&nbsp;<\/p>\r\n","protected":false},"excerpt":{"rendered":"<p>Cuenta Corriente En el Departamento de Cuenta Corriente, el afiliado al IASEP puede realizar las siguientes consultas y\/o tr\u00e1mites: &nbsp; Tr\u00e1mites Estado de cuenta Libre deuda Informe sobre descuentos por asistencia m\u00e9dica Para solicitar la autorizaci\u00f3n de alguna prestaci\u00f3n o para la compra de medicamentos por cuenta corriente debe tener firma y sello correspondiente. Adem\u00e1s, [&hellip;]<\/p>\n","protected":false},"author":1,"featured_media":0,"parent":0,"menu_order":0,"comment_status":"closed","ping_status":"closed","template":"","meta":{"footnotes":""},"class_list":["post-236","page","type-page","status-publish","hentry"],"_links":{"self":[{"href":"https:\/\/iasep.gob.ar\/index.php?rest_route=\/wp\/v2\/pages\/236","targetHints":{"allow":["GET"]}}],"collection":[{"href":"https:\/\/iasep.gob.ar\/index.php?rest_route=\/wp\/v2\/pages"}],"about":[{"href":"https:\/\/iasep.gob.ar\/index.php?rest_route=\/wp\/v2\/types\/page"}],"author":[{"embeddable":true,"href":"https:\/\/iasep.gob.ar\/index.php?rest_route=\/wp\/v2\/users\/1"}],"replies":[{"embeddable":true,"href":"https:\/\/iasep.gob.ar\/index.php?rest_route=%2Fwp%2Fv2%2Fcomments&post=236"}],"version-history":[{"count":12,"href":"https:\/\/iasep.gob.ar\/index.php?rest_route=\/wp\/v2\/pages\/236\/revisions"}],"predecessor-version":[{"id":1104,"href":"https:\/\/iasep.gob.ar\/index.php?rest_route=\/wp\/v2\/pages\/236\/revisions\/1104"}],"wp:attachment":[{"href":"https:\/\/iasep.gob.ar\/index.php?rest_route=%2Fwp%2Fv2%2Fmedia&parent=236"}],"curies":[{"name":"wp","href":"https:\/\/api.w.org\/{rel}","templated":true}]}}