{"id":238,"date":"2021-01-27T13:21:27","date_gmt":"2021-01-27T13:21:27","guid":{"rendered":"https:\/\/iasep.gob.ar\/wp\/?page_id=238"},"modified":"2025-12-26T08:37:45","modified_gmt":"2025-12-26T11:37:45","slug":"farmacia","status":"publish","type":"page","link":"https:\/\/iasep.gob.ar\/?page_id=238","title":{"rendered":"Farmacia"},"content":{"rendered":"\r\n<div id=\"main\">\r\n<div class=\"container\">\r\n<h1>Farmacia &#8211; Casa Central<\/h1>\r\n<div class=\"fondo\">\r\n<p>El expendio de medicamentos es uno de los servicios con que el afiliado cuenta dentro de la Obra Social.<\/p>\r\n<p>El afiliado presentando la receta m\u00e9dica oficial, sin excepci\u00f3n, en la cual el m\u00e9dico prescribe los medicamentos por su nombre gen\u00e9rico (Seg\u00fan art. 3\u00b0 de la Ley Provincial 1381 de Medicamentos Gen\u00e9ricos) puede acceder a su compra con un 50% de descuento en general.<\/p>\r\n<p>Para los casos en que el afiliado cuente con Historia Cl\u00ednica, el porcentaje de los medicamentos depender\u00e1 de la patolog\u00eda y la cobertura de cada medicamento, el cual ser\u00e1 establecida por el m\u00e9dico auditor de la Instituci\u00f3n.<\/p>\r\n<p>&nbsp;<\/p>\r\n<h4><strong>Atenci\u00f3n Farmacia<\/strong><\/h4>\r\n<p>&nbsp;<\/p>\r\n<p><strong>Lugar de Atenci\u00f3n:<\/strong> Moreno 1170.<\/p>\r\n<br \/>\r\n<p><strong>D\u00edas y Horarios:<\/strong><\/p>\r\n<p>Lunes a viernes de 08:00 hs a 19:45 hs<\/p>\r\n<\/div>\r\n<\/div>\r\n<\/div>\r\n<p>&nbsp;<\/p>\r\n<h1>Farmacia &#8211; Anexo Barrio Rep\u00fablica Argentina<\/h1>\r\n<p><strong>Direcci\u00f3n:<\/strong> Av. C\u00e1nepa y Almeida &#8211; Barrio Rep\u00fablica Argentina<\/p>\r\n<div style=\"width: 100%;\"><iframe loading=\"lazy\" src=\"https:\/\/maps.google.com\/maps?width=720&amp;height=600&amp;hl=es&amp;q=Av.%20Ana%20Esther%20Elias%20de%20Canepa%20y%20Almeida+(IASEP%20ANEXO4%20C5)&amp;t=k&amp;z=16&amp;ie=UTF8&amp;iwloc=B&amp;output=embed\" width=\"500\" height=\"420\" frameborder=\"0\" marginwidth=\"0\" marginheight=\"0\" scrolling=\"no\"><\/iframe><\/div>\r\n<p>&nbsp;<\/p>\r\n<p><strong>D\u00edas y Horarios:<\/strong><\/p>\r\n<p>Lunes a viernes de 08:00 hs a 14:00 hs<\/p>\r\n<div id=\"main\">\r\n<div class=\"container\">\r\n<div class=\"fondo\"><br \/>\r\n<h4>Requisitos para Expediente de Provisi\u00f3n de Medicamentos<\/h4>\r\n<ul>\r\n<li><strong>Nota<\/strong> de presentaci\u00f3n al Interventor del I.A.S.E.P. (Clic <a href=\"desformularios\/nota_provision_medicamentos.pdf\" target=\"_blank\" rel=\"noopener\">AQU\u00cd<\/a> para descargar la nota).<\/li>\r\n<li><strong>Formulario de Historia Cl\u00ednica.<\/strong> Conformada por el m\u00e9dico tratante. Firma y Sello del Profesional.(Clic <a href=\"desformularios\/FHClinica_frente.pdf\" target=\"_blank\" rel=\"noopener\">AQU\u00cd<\/a> para descargar HC Medicamentos frente y <a href=\"desformularios\/FHClinica_dorso.pdf\">AQU\u00cd<\/a> para descargar HC Medicamentos dorso.)<\/li>\r\n<li><strong>Fotocopia<\/strong> del Carnet del paciente.<\/li>\r\n<li><strong>Fotocopia<\/strong> de la Historia Cl\u00ednica de ambos lados.<\/li>\r\n<li><strong>Fotocopia de la receta m\u00e9dica<\/strong> una vez rellenada por el m\u00e9dico tratante.<\/li>\r\n<li><strong>PACIENTES DIAB\u00c9TICOS<\/strong>, deber\u00e1n adjuntar fotocopia del \u00faltimo laboratorio &#8211; hemoglobina, glucocilada y glucemia<\/li>\r\n<li>Pacientes con <strong>OSTEOPOROSIS, ARTRITIS, ARTROSIS<\/strong> deber\u00e1n adjuntar fotocopia de la <strong>DENSITOMETR\u00cdA \u00d3SEA.<\/strong><\/li>\r\n<\/ul>\r\n<h5><strong>TENER EN CUENTA<\/strong><\/h5>\r\n<ul>\r\n<li>Las Historias Cl\u00ednicas de Medicamentos se presentan de lunes a viernes de 7:00 hs a 20:45 hs, por Mesa de Entradas.<\/li>\r\n<li>Una vez presentada la Historia Cl\u00ednica, <strong>el afiliado podr\u00e1 solicitar la medicaci\u00f3n dentro de los 3 d\u00edas h\u00e1biles posteriores a la presentaci\u00f3n.<\/strong><\/li>\r\n<li><strong>Las Historias Cl\u00ednicas tienen un vencimiento de acuerdo a cada patolog\u00eda.<\/strong><\/li>\r\n<\/ul>\r\n<\/div>\r\n<\/div>\r\n<\/div>\r\n","protected":false},"excerpt":{"rendered":"<p>Farmacia &#8211; Casa Central El expendio de medicamentos es uno de los servicios con que el afiliado cuenta dentro de la Obra Social. El afiliado presentando la receta m\u00e9dica oficial, sin excepci\u00f3n, en la cual el m\u00e9dico prescribe los medicamentos por su nombre gen\u00e9rico (Seg\u00fan art. 3\u00b0 de la Ley Provincial 1381 de Medicamentos Gen\u00e9ricos) [&hellip;]<\/p>\n","protected":false},"author":1,"featured_media":0,"parent":0,"menu_order":0,"comment_status":"closed","ping_status":"closed","template":"","meta":{"footnotes":""},"class_list":["post-238","page","type-page","status-publish","hentry"],"_links":{"self":[{"href":"https:\/\/iasep.gob.ar\/index.php?rest_route=\/wp\/v2\/pages\/238","targetHints":{"allow":["GET"]}}],"collection":[{"href":"https:\/\/iasep.gob.ar\/index.php?rest_route=\/wp\/v2\/pages"}],"about":[{"href":"https:\/\/iasep.gob.ar\/index.php?rest_route=\/wp\/v2\/types\/page"}],"author":[{"embeddable":true,"href":"https:\/\/iasep.gob.ar\/index.php?rest_route=\/wp\/v2\/users\/1"}],"replies":[{"embeddable":true,"href":"https:\/\/iasep.gob.ar\/index.php?rest_route=%2Fwp%2Fv2%2Fcomments&post=238"}],"version-history":[{"count":17,"href":"https:\/\/iasep.gob.ar\/index.php?rest_route=\/wp\/v2\/pages\/238\/revisions"}],"predecessor-version":[{"id":1105,"href":"https:\/\/iasep.gob.ar\/index.php?rest_route=\/wp\/v2\/pages\/238\/revisions\/1105"}],"wp:attachment":[{"href":"https:\/\/iasep.gob.ar\/index.php?rest_route=%2Fwp%2Fv2%2Fmedia&parent=238"}],"curies":[{"name":"wp","href":"https:\/\/api.w.org\/{rel}","templated":true}]}}