{"id":240,"date":"2021-01-27T13:22:13","date_gmt":"2021-01-27T13:22:13","guid":{"rendered":"https:\/\/iasep.gob.ar\/wp\/?page_id=240"},"modified":"2025-12-26T08:38:25","modified_gmt":"2025-12-26T11:38:25","slug":"odontologia","status":"publish","type":"page","link":"https:\/\/iasep.gob.ar\/?page_id=240","title":{"rendered":"Odontolog\u00eda"},"content":{"rendered":"\r\n<div id=\"main\">\r\n<div class=\"container\">\r\n<h1>Odontolog\u00eda<\/h1>\r\n<div class=\"fondo\"><!--contenido -->\r\n<p>El I.A.S.E.P. brinda a sus afiliados una cobertura odontol\u00f3gica integral.<br \/>Cuando Usted concurre al odont\u00f3logo abona la 1\u00b0 visita con una <strong>orden de consulta odontol\u00f3gica<\/strong>, la misma tiene vigencia mientras dure el tratamiento o por un per\u00edodo de hasta 6 meses, siempre que se trate del mismo profesional. En el caso de cambio de profesional tiene que dirigirse a la <strong>Auditoria Odontol\u00f3gica<\/strong> en los horarios de atenci\u00f3n al p\u00fablico.<br \/>Se reconocen hasta 4 (cuatro) prestaciones por mes por cada afiliado.<\/p>\r\n<br \/>\r\n<p>Los trabajos que se detallan a continuaci\u00f3n se autorizan una (1) vez por mes y por afiliado:<\/p>\r\n<br \/>\r\n<ul class=\"list-group list-group-flush\">\r\n<li class=\"list-group-item\">Tratamiento de conducto (2 por mes)<\/li>\r\n<li class=\"list-group-item\">Extracciones simples<\/li>\r\n<li class=\"list-group-item\">Extracciones de dientes retenidos<\/li>\r\n<li class=\"list-group-item\">Restauraciones con amalgama y con luz hal\u00f3gena en dientes anteriores y en algunas caras de dientes posteriores (2 por mes)<\/li>\r\n<li class=\"list-group-item\">Radiograf\u00edas simples, panor\u00e1micas y telerradiograf\u00edas<\/li>\r\n<\/ul>\r\n<p><strong> de estas prestaciones requieren que el afiliado abone adicionales o diferencias<\/strong> en el mismo consultorio odontol\u00f3gico.<\/p>\r\n<br \/>\r\n<p>El I.A.S.E.P. brinda cobertura odontol\u00f3gica a las embarazadas a trav\u00e9s del <strong>Seguro Materno Odontol\u00f3gico<\/strong> que posibilita la atenci\u00f3n de la afiliada sin necesidad de abonar coseguro.<\/p>\r\n<br \/>\r\n<p>Todas las prestaciones tienen un per\u00edodo de garant\u00eda (entre 6 meses y 2 a\u00f1os), dentro del cual el afiliado no deber\u00e1 abonar nuevamente dicho tratamiento si fuera necesario, siempre y cuando lo realice con el mismo profesional.<\/p>\r\n<p>&nbsp;<\/p>\r\n<h4><strong>Autorizaciones de Odontolog\u00eda<\/strong><\/h4>\r\n<p>&nbsp;<\/p>\r\n<p><strong>Lugar de Atenci\u00f3n:<\/strong> Moreno 1170.<\/p>\r\n<br \/>\r\n<p><strong>Horario de Atenci\u00f3n (por receso administrativo):<\/strong> Lunes a viernes: 8:00 hs. a 19:45 hs.<\/p>\r\n<\/div>\r\n\r\n\r\n\r\n<p>&nbsp;<\/p>\r\n<\/div>\r\n<\/div>","protected":false},"excerpt":{"rendered":"<p>Odontolog\u00eda El I.A.S.E.P. brinda a sus afiliados una cobertura odontol\u00f3gica integral.Cuando Usted concurre al odont\u00f3logo abona la 1\u00b0 visita con una orden de consulta odontol\u00f3gica, la misma tiene vigencia mientras dure el tratamiento o por un per\u00edodo de hasta 6 meses, siempre que se trate del mismo profesional. En el caso de cambio de profesional [&hellip;]<\/p>\n","protected":false},"author":1,"featured_media":0,"parent":0,"menu_order":0,"comment_status":"closed","ping_status":"closed","template":"","meta":{"footnotes":""},"class_list":["post-240","page","type-page","status-publish","hentry"],"_links":{"self":[{"href":"https:\/\/iasep.gob.ar\/index.php?rest_route=\/wp\/v2\/pages\/240","targetHints":{"allow":["GET"]}}],"collection":[{"href":"https:\/\/iasep.gob.ar\/index.php?rest_route=\/wp\/v2\/pages"}],"about":[{"href":"https:\/\/iasep.gob.ar\/index.php?rest_route=\/wp\/v2\/types\/page"}],"author":[{"embeddable":true,"href":"https:\/\/iasep.gob.ar\/index.php?rest_route=\/wp\/v2\/users\/1"}],"replies":[{"embeddable":true,"href":"https:\/\/iasep.gob.ar\/index.php?rest_route=%2Fwp%2Fv2%2Fcomments&post=240"}],"version-history":[{"count":13,"href":"https:\/\/iasep.gob.ar\/index.php?rest_route=\/wp\/v2\/pages\/240\/revisions"}],"predecessor-version":[{"id":1106,"href":"https:\/\/iasep.gob.ar\/index.php?rest_route=\/wp\/v2\/pages\/240\/revisions\/1106"}],"wp:attachment":[{"href":"https:\/\/iasep.gob.ar\/index.php?rest_route=%2Fwp%2Fv2%2Fmedia&parent=240"}],"curies":[{"name":"wp","href":"https:\/\/api.w.org\/{rel}","templated":true}]}}