{"id":242,"date":"2021-01-27T13:22:52","date_gmt":"2021-01-27T13:22:52","guid":{"rendered":"https:\/\/iasep.gob.ar\/wp\/?page_id=242"},"modified":"2025-12-26T08:39:10","modified_gmt":"2025-12-26T11:39:10","slug":"optica","status":"publish","type":"page","link":"https:\/\/iasep.gob.ar\/?page_id=242","title":{"rendered":"Optica"},"content":{"rendered":"\r\n<pre class=\"wp-block-preformatted\">\u00a0<\/pre>\r\n\r\n\r\n\r\n<div id=\"main\">\r\n<div class=\"container\">\r\n<h1>\u00d3ptica<\/h1>\r\n<div class=\"fondo\"><!--contenido -->\r\n<p>Dentro del Instituto, el I.A.S.E.P., desde el a\u00f1o 2002, brinda a sus afiliados el Servicio de \u00d3ptica para la provisi\u00f3n de anteojos recetados.<\/p>\r\n<p>El I.A.S.E.P. ha firmado convenios con la totalidad de los M\u00e9dicos Oftalmol\u00f3gicos de la Provincia para la atenci\u00f3n integral de sus afiliados SIN COBRO DE PLUS.<\/p>\r\n<p>El Departamento de \u00d3ptica tiene tres sectores:<\/p>\r\n<p>&nbsp;<\/p>\r\n<h4><strong>Autorizaciones y Venta de Anteojos<\/strong>\u00a0<\/h4>\r\n<p>&nbsp;<\/p>\r\n<p><strong>Horario de Atenci\u00f3n:<\/strong> Lunes a viernes: 8:00 hs. a 14:00 hs.<br \/><strong>Lugar de Atenci\u00f3n:<\/strong> 1\u00b0 piso, Moreno 1170.\u00a0<\/p>\r\n<br \/>\r\n<p>El I.A.S.E.P. reconoce 1 (uno) anteojo de cerca y 1 (uno) de lejos, con sus respectivos armazones. El I.A.S.E.P. reconocer\u00e1 el 60% del valor de los anteojos recetados (cristales de color blanco y armaz\u00f3n de acetato). Cuando el afiliado requiera otro tipo de cristal o armaz\u00f3n (met\u00e1lico), no incluido en el listado prestacional, con el solo pago de la diferencia de precio puede acceder a dicho pedido.<\/p>\r\n<p>El I.A.S.E.P. reconocer\u00e1 la prescripci\u00f3n de cristales y armazones, en principio una sola vez por a\u00f1o calendario.<\/p>\r\n<br \/>\r\n<p>&nbsp;<\/p>\r\n<\/div>\r\n<\/div>\r\n<\/div>","protected":false},"excerpt":{"rendered":"<p>\u00a0 \u00d3ptica Dentro del Instituto, el I.A.S.E.P., desde el a\u00f1o 2002, brinda a sus afiliados el Servicio de \u00d3ptica para la provisi\u00f3n de anteojos recetados. El I.A.S.E.P. ha firmado convenios con la totalidad de los M\u00e9dicos Oftalmol\u00f3gicos de la Provincia para la atenci\u00f3n integral de sus afiliados SIN COBRO DE PLUS. El Departamento de \u00d3ptica [&hellip;]<\/p>\n","protected":false},"author":1,"featured_media":0,"parent":0,"menu_order":0,"comment_status":"closed","ping_status":"closed","template":"","meta":{"footnotes":""},"class_list":["post-242","page","type-page","status-publish","hentry"],"_links":{"self":[{"href":"https:\/\/iasep.gob.ar\/index.php?rest_route=\/wp\/v2\/pages\/242","targetHints":{"allow":["GET"]}}],"collection":[{"href":"https:\/\/iasep.gob.ar\/index.php?rest_route=\/wp\/v2\/pages"}],"about":[{"href":"https:\/\/iasep.gob.ar\/index.php?rest_route=\/wp\/v2\/types\/page"}],"author":[{"embeddable":true,"href":"https:\/\/iasep.gob.ar\/index.php?rest_route=\/wp\/v2\/users\/1"}],"replies":[{"embeddable":true,"href":"https:\/\/iasep.gob.ar\/index.php?rest_route=%2Fwp%2Fv2%2Fcomments&post=242"}],"version-history":[{"count":13,"href":"https:\/\/iasep.gob.ar\/index.php?rest_route=\/wp\/v2\/pages\/242\/revisions"}],"predecessor-version":[{"id":1107,"href":"https:\/\/iasep.gob.ar\/index.php?rest_route=\/wp\/v2\/pages\/242\/revisions\/1107"}],"wp:attachment":[{"href":"https:\/\/iasep.gob.ar\/index.php?rest_route=%2Fwp%2Fv2%2Fmedia&parent=242"}],"curies":[{"name":"wp","href":"https:\/\/api.w.org\/{rel}","templated":true}]}}