{"id":244,"date":"2021-01-27T13:23:36","date_gmt":"2021-01-27T13:23:36","guid":{"rendered":"https:\/\/iasep.gob.ar\/wp\/?page_id=244"},"modified":"2024-10-03T08:08:05","modified_gmt":"2024-10-03T11:08:05","slug":"chequeras","status":"publish","type":"page","link":"https:\/\/iasep.gob.ar\/?page_id=244","title":{"rendered":"Chequeras"},"content":{"rendered":"\r\n<div id=\"main\">\r\n<div class=\"container\">\r\n<h2>Chequeras<\/h2>\r\n<p>La Obra Social pone a disposici\u00f3n de sus afiliados las siguientes chequeras:<\/p>\r\n<ul>\r\n<li>SEGURO DE PREVENCI\u00d3N ONCOL\u00d3GICO DE LA MUJER &#8211; A partir de los 40 a\u00f1os<\/li>\r\n<li>S.M.I. &#8211; CONTROL PRENATAL<\/li>\r\n<li>S.M.I. &#8211; CONTROL POSNATAL<\/li>\r\n<li>SEGURO DE PREVENCI\u00d3N ONCOL\u00d3GICA DEL HOMBRE &#8211; A partir de los 45 a\u00f1os<\/li>\r\n<\/ul>\r\n<div id=\"accordion\" class=\"panel-group\"><!--Inicio acordion --><\/div>\r\n<div class=\"panel panel-default\">\r\n<div class=\"panel-heading\">\r\n<h4 class=\"panel-title\"><a href=\"#collapse1\" data-toggle=\"collapse\" data-parent=\"#accordion\">Seguro de Prevenci\u00f3n Oncol\u00f3gico de la Mujer &#8211; A partir de los 40 a\u00f1os<\/a><\/h4>\r\n<\/div>\r\n<div id=\"collapse1\" class=\"panel-collapse collapse\">\r\n<div class=\"panel-body\">\r\n<p>Esta chequera se entrega en la <strong>Sede Central del I.A.S.E.P., anexos dentro de la Ciudad de Formosa y en sus Delegados del Interior de la Provincia<\/strong><\/p>\r\n<p>y est\u00e1 destinado a las <strong>AFILIADAS TITULARES MAYORES DE 40 A\u00d1OS<\/strong> y contiene las siguientes prestaciones sin cargo:<\/p>\r\n<ul style=\"list-style-type: square;\">\r\n<li>Una CONSULTA M\u00c9DICA especializada (primera consulta) &#8211; C\u00f3digo 42.01.01.<\/li>\r\n<li>Una orden de COLPOSCOPIA (traqueloscopia) &#8211; C\u00f3digo 22.01.01.<\/li>\r\n<li>Una orden de CITOLOG\u00cdA EXFOLIATIVA ONCOL\u00d3GICA &#8211; C\u00f3digo 15.01.06.<\/li>\r\n<li>Una orden MAMOGRAF\u00cdA C\u00f3digo 34.06.01&#215;2 34.06.02.&#215;2<\/li>\r\n<li>Una orden de AN\u00c1LISIS ESPEC\u00cdFICOS (MARCADORES TUMORALES) &#8211; C\u00f3digos: 66115 &#8211; 661120 &#8211; 661125.<\/li>\r\n<li>Una orden de ECOGRAF\u00cdA GINECOL\u00d3GICA &#8211; C\u00f3digo 18.01.04<\/li>\r\n<\/ul>\r\n<\/div>\r\n<\/div>\r\n<\/div>\r\n<div class=\"panel panel-default\">\r\n<div class=\"panel-heading\">\r\n<h4 class=\"panel-title\"><a href=\"#collapse2\" data-toggle=\"collapse\" data-parent=\"#accordion\">Seguro Materno Infantil &#8211; Control Prenatal<\/a><\/h4>\r\n<\/div>\r\n<div id=\"collapse2\" class=\"panel-collapse collapse\">\r\n<div class=\"panel-body\">\r\n<p>Esta chequera contiene:<\/p>\r\n<ul style=\"list-style-type: square;\">\r\n<li>7 (siete) \u00d3rdenes de Consultas M\u00e9dica para control m\u00e9dico peri\u00f3dico del 3\u00ba al 9\u00ba mes de embarazo.<\/li>\r\n<li>7 (siete) Recetarios para la provisi\u00f3n de medicamentos con los descuentos normales.<\/li>\r\n<li>2 (Dos) \u00d3rdenes de An\u00e1lisis para control de Glucemia, Grupo sangu\u00edneo, Citol\u00f3gico completo, Orina completa, Factor R.H. V.D.R.L. y Toxoplasmosis, hemoaglutinaci\u00f3n, inmunofluorescencia.<\/li>\r\n<li>1 (Una) Orden de An\u00e1lisis para Orina completa.<\/li>\r\n<li>1 (Una) Constancia de Vacunaciones.<\/li>\r\n<\/ul>\r\n<\/div>\r\n<\/div>\r\n<\/div>\r\n<div class=\"panel panel-default\">\r\n<div class=\"panel-heading\">\r\n<h4 class=\"panel-title\"><a href=\"#collapse3\" data-toggle=\"collapse\" data-parent=\"#accordion\">Seguro Materno Infantil &#8211; Control Posnatal<\/a><\/h4>\r\n<\/div>\r\n<div id=\"collapse3\" class=\"panel-collapse collapse\">\r\n<div class=\"panel-body\">\r\n<p>Esta chequera contiene:<\/p>\r\n<ul style=\"list-style-type: square;\">\r\n<li>1 (Una) Orden de Consulta M\u00e9dica para control de su bebe a los: 14 d\u00edas.<\/li>\r\n<li>1 (Un) Recetario para la provisi\u00f3n de medicamentos con los descuentos normales.<\/li>\r\n<li>1 (Una) Orden de Consulta para el Control del puerperio.<\/li>\r\n<li>1 (Un) Recetario para la provisi\u00f3n de medicamentos.<\/li>\r\n<\/ul>\r\n<\/div>\r\n<\/div>\r\n<\/div>\r\n<div class=\"panel panel-default\">\r\n<div class=\"panel-heading\">\r\n<h4 class=\"panel-title\"><a href=\"#collapse4\" data-toggle=\"collapse\" data-parent=\"#accordion\">Seguro de Prevenci\u00f3n Oncol\u00f3gica del Hombre<\/a><\/h4>\r\n<\/div>\r\n<div id=\"collapse4\" class=\"panel-collapse collapse\">\r\n<div class=\"panel-body\">\r\n<p>Podr\u00e1n retirar SIN CARGO todos los afiliados <strong>TITULARES Y VOLUNTARIOS A PARTIR DE LOS 45 A\u00d1OS<\/strong> se entrega en la <strong>Sede Central del I.A.S.E.P., anexos dentro de la Ciudad de Formosa y en sus Delegaciones del Interior de la Provincia<\/strong><\/p>\r\n<p>Esta chequera del <strong>I.A.S.E.P. <\/strong> contiene las siguientes <strong>PRESTACIONES SIN CARGO para<\/strong>\u00a0la sanidad del hombre:<\/p>\r\n<ul style=\"list-style-type: square;\">\r\n<li>Una CONSULTA M\u00c9DICA especializada (primera consulta) &#8211; C\u00f3digo 42.01.01<\/li>\r\n<li>Una ECOGRAF\u00cdA PR\u00d3STATA &#8211; C\u00f3digo 18.01.14<\/li>\r\n<li>Una orden de AN\u00c1LISIS ESPEC\u00cdFICOS &#8211; CEA (66.01.44), CEA(66.11.25), PSA(66.10.00)<\/li>\r\n<\/ul>\r\n<\/div>\r\n<\/div>\r\n<\/div>\r\n<\/div>\r\n<!--FIN acordion --><\/div>\r\n","protected":false},"excerpt":{"rendered":"<p>Chequeras La Obra Social pone a disposici\u00f3n de sus afiliados las siguientes chequeras: SEGURO DE PREVENCI\u00d3N ONCOL\u00d3GICO DE LA MUJER &#8211; A partir de los 40 a\u00f1os S.M.I. &#8211; CONTROL PRENATAL S.M.I. &#8211; CONTROL POSNATAL SEGURO DE PREVENCI\u00d3N ONCOL\u00d3GICA DEL HOMBRE &#8211; A partir de los 45 a\u00f1os Seguro de Prevenci\u00f3n Oncol\u00f3gico de la Mujer [&hellip;]<\/p>\n","protected":false},"author":1,"featured_media":0,"parent":0,"menu_order":0,"comment_status":"closed","ping_status":"closed","template":"","meta":{"footnotes":""},"class_list":["post-244","page","type-page","status-publish","hentry"],"_links":{"self":[{"href":"https:\/\/iasep.gob.ar\/index.php?rest_route=\/wp\/v2\/pages\/244","targetHints":{"allow":["GET"]}}],"collection":[{"href":"https:\/\/iasep.gob.ar\/index.php?rest_route=\/wp\/v2\/pages"}],"about":[{"href":"https:\/\/iasep.gob.ar\/index.php?rest_route=\/wp\/v2\/types\/page"}],"author":[{"embeddable":true,"href":"https:\/\/iasep.gob.ar\/index.php?rest_route=\/wp\/v2\/users\/1"}],"replies":[{"embeddable":true,"href":"https:\/\/iasep.gob.ar\/index.php?rest_route=%2Fwp%2Fv2%2Fcomments&post=244"}],"version-history":[{"count":7,"href":"https:\/\/iasep.gob.ar\/index.php?rest_route=\/wp\/v2\/pages\/244\/revisions"}],"predecessor-version":[{"id":966,"href":"https:\/\/iasep.gob.ar\/index.php?rest_route=\/wp\/v2\/pages\/244\/revisions\/966"}],"wp:attachment":[{"href":"https:\/\/iasep.gob.ar\/index.php?rest_route=%2Fwp%2Fv2%2Fmedia&parent=244"}],"curies":[{"name":"wp","href":"https:\/\/api.w.org\/{rel}","templated":true}]}}