{"id":279,"date":"2021-05-26T12:45:12","date_gmt":"2021-05-26T15:45:12","guid":{"rendered":"https:\/\/iasep.gob.ar\/wp\/?page_id=279"},"modified":"2025-12-26T10:13:52","modified_gmt":"2025-12-26T13:13:52","slug":"horarios-de-atencion","status":"publish","type":"page","link":"https:\/\/iasep.gob.ar\/?page_id=279","title":{"rendered":"Horarios de Atenci\u00f3n"},"content":{"rendered":"<h1 style=\"text-align: center;\"><strong>Horarios de Atenci\u00f3n<\/strong><\/h1>\n<p>&nbsp;<\/p>\n<p>&nbsp;<\/p>\n<h1 style=\"text-align: left;\"><span style=\"color: #3366ff;\">Casa Central: <\/span><\/h1>\n<h3 style=\"text-align: left;\"><span style=\"color: #3366ff;\">(Venta de \u00d3rdenes M\u00e9dicas &#8211; Autorizaci\u00f3n de Prestaciones &#8211; Farmacia)<\/span><\/h3>\n<p><strong>Horario de corrido:<\/strong> Lunes a viernes de 08:00 h a 19:45 h<br \/>\n<strong>Servicios:<\/strong> Autorizaci\u00f3n, Venta de \u00d3rdenes M\u00e9dicas, Farmacia<br \/>\n<strong>Direcci\u00f3n:<\/strong> Moreno 1170 (Casa Central)<\/p>\n<h1 style=\"text-align: left;\"><span style=\"color: #3366ff;\">Afiliaciones <\/span><span style=\"color: #3366ff;\">(<\/span><span style=\"color: #3366ff;\">Casa Central):<\/span><\/h1>\n<p><strong>Horario:<\/strong> Lunes a viernes de 08:00 h a 14:00 h<br \/>\n<strong>Direcci\u00f3n:<\/strong> Moreno 1170 (Casa Central) &#8211; 1\u00b0Piso<\/p>\n<h1><span style=\"color: #3366ff;\">\u00d3ptica <\/span><span style=\"color: #3366ff;\">(<\/span><span style=\"color: #3366ff;\">Casa Central):<\/span><\/h1>\n<p><strong>Horario:<\/strong> Lunes a viernes de 8:00 h a 14:00 h<br \/>\n<strong>Direcci\u00f3n:<\/strong> Moreno 1170 (Casa Central) &#8211; 1\u00b0 Piso<\/p>\n<div dir=\"auto\">\n<h2><span style=\"color: #3366ff;\">Servicios Sociales , Derivaciones y Servicios especiales<\/span><span style=\"color: #3366ff;\">(<\/span><span style=\"color: #3366ff;\">Casa Central)<\/span><span style=\"color: #3366ff;\">:<\/span><\/h2>\n<\/div>\n<div dir=\"auto\"><strong>Horario:<\/strong> Lunes a viernes de 8:00 h a 14:00 h<br \/>\n<strong>Direcci\u00f3n:<\/strong> Moreno 1170 (Casa Central)<\/div>\n<div dir=\"auto\"><\/div>\n<hr \/>\n<p>&nbsp;<\/p>\n<h1 style=\"text-align: left;\"><span style=\"color: #3366ff;\">Anexo B\u00b0. Rep\u00fablica Argentina<\/span><\/h1>\n<p><strong>Horario:<\/strong> Lunes a viernes de 08:00 h a 14:00 h<br \/>\n<strong>Servicio:<\/strong> Autorizaci\u00f3n y venta de \u00f3rdenes<br \/>\n<strong>Direcci\u00f3n: <\/strong>B\u00b0. Republica Argentina. Sobre las calles Av. Ana Esther El\u00edas de Canepa y Almeida<\/p>\n<hr \/>\n<h1 style=\"text-align: left;\"><span style=\"color: #3366ff;\">Anexo Rivadavia<\/span><\/h1>\n<h3 style=\"text-align: left;\"><span style=\"color: #3366ff;\">(Venta de \u00d3rdenes &#8211; Autorizaci\u00f3n de Prestaciones )<\/span><\/h3>\n<p><strong>Horario: <\/strong>Lunes a viernes de 08:00 h a 19:45 h<br \/>\n<strong>Servicio:<\/strong> Autorizaci\u00f3n y venta de \u00f3rdenes<br \/>\n<strong>Direcci\u00f3n:<\/strong> Rivadavia 376<\/p>\n<hr \/>\n<h1><span style=\"color: #3366ff;\">Odontolog\u00eda<br \/>\n<\/span><\/h1>\n<h3 style=\"text-align: left;\"><span style=\"color: #3366ff;\">(Odontolog\u00eda-<\/span><span style=\"color: #3366ff;\">Venta de \u00f3rdenes)<\/span><\/h3>\n<p><strong>Horario:<\/strong> Lunes a viernes de 08:00 h a 19:45 h<br \/>\n<strong>Direcci\u00f3n:<\/strong> Moreno 1170 (Casa Central) &#8211; 1\u00b0 Piso<br \/>\n<strong>Servicio:<\/strong> Odontolog\u00eda &#8211; Venta de \u00d3rdenes<\/p>\n<p>&nbsp;<\/p>\n<hr \/>\n<p>&nbsp;<\/p>\n<p>&nbsp;<\/p>\n<p>&nbsp;<\/p>\n<h1 style=\"text-align: center;\"><strong style=\"font-size: 16px;\"><img loading=\"lazy\" decoding=\"async\" class=\"wp-image-390 alignnone\" src=\"https:\/\/iasep.gob.ar\/wp-content\/uploads\/2021\/02\/iasep.jpg\" alt=\"\" width=\"135\" height=\"207\" srcset=\"https:\/\/iasep.gob.ar\/wp-content\/uploads\/2021\/02\/iasep.jpg 315w, https:\/\/iasep.gob.ar\/wp-content\/uploads\/2021\/02\/iasep-197x300.jpg 197w\" sizes=\"auto, (max-width: 135px) 100vw, 135px\" \/><\/strong><\/h1>\n","protected":false},"excerpt":{"rendered":"<p>Horarios de Atenci\u00f3n &nbsp; &nbsp; Casa Central: (Venta de \u00d3rdenes M\u00e9dicas &#8211; Autorizaci\u00f3n de Prestaciones &#8211; Farmacia) Horario de corrido: Lunes a viernes de 08:00 h a 19:45 h Servicios: Autorizaci\u00f3n, Venta de \u00d3rdenes M\u00e9dicas, Farmacia Direcci\u00f3n: Moreno 1170 (Casa Central) Afiliaciones (Casa Central): Horario: Lunes a viernes de 08:00 h a 14:00 h Direcci\u00f3n: [&hellip;]<\/p>\n","protected":false},"author":1,"featured_media":135,"parent":0,"menu_order":0,"comment_status":"closed","ping_status":"closed","template":"","meta":{"footnotes":""},"class_list":["post-279","page","type-page","status-publish","has-post-thumbnail","hentry"],"_links":{"self":[{"href":"https:\/\/iasep.gob.ar\/index.php?rest_route=\/wp\/v2\/pages\/279","targetHints":{"allow":["GET"]}}],"collection":[{"href":"https:\/\/iasep.gob.ar\/index.php?rest_route=\/wp\/v2\/pages"}],"about":[{"href":"https:\/\/iasep.gob.ar\/index.php?rest_route=\/wp\/v2\/types\/page"}],"author":[{"embeddable":true,"href":"https:\/\/iasep.gob.ar\/index.php?rest_route=\/wp\/v2\/users\/1"}],"replies":[{"embeddable":true,"href":"https:\/\/iasep.gob.ar\/index.php?rest_route=%2Fwp%2Fv2%2Fcomments&post=279"}],"version-history":[{"count":41,"href":"https:\/\/iasep.gob.ar\/index.php?rest_route=\/wp\/v2\/pages\/279\/revisions"}],"predecessor-version":[{"id":1114,"href":"https:\/\/iasep.gob.ar\/index.php?rest_route=\/wp\/v2\/pages\/279\/revisions\/1114"}],"wp:featuredmedia":[{"embeddable":true,"href":"https:\/\/iasep.gob.ar\/index.php?rest_route=\/wp\/v2\/media\/135"}],"wp:attachment":[{"href":"https:\/\/iasep.gob.ar\/index.php?rest_route=%2Fwp%2Fv2%2Fmedia&parent=279"}],"curies":[{"name":"wp","href":"https:\/\/api.w.org\/{rel}","templated":true}]}}