{"id":285,"date":"2021-01-28T12:48:23","date_gmt":"2021-01-28T12:48:23","guid":{"rendered":"https:\/\/iasep.gob.ar\/wp\/?page_id=285"},"modified":"2024-10-21T08:48:56","modified_gmt":"2024-10-21T11:48:56","slug":"correos-institucionales","status":"publish","type":"page","link":"https:\/\/iasep.gob.ar\/?page_id=285","title":{"rendered":"Correos Institucionales"},"content":{"rendered":"\r\n<div id=\"main\">\r\n<div class=\"container\">\r\n<h2>Correos Institucionales por Oficina<\/h2>\r\n<div class=\"fondo\"><!--contenido -->\r\n<div class=\"table-responsive\">\r\n<table class=\"table table-striped table-dark\" style=\"height: 1046px;\" width=\"938\">\r\n<thead class=\"thead-dark\">\r\n<tr class=\"formato\">\r\n<th>Oficina<\/th>\r\n<th>Responsable<\/th>\r\n<th>Correo Electr\u00f3nico<\/th>\r\n<\/tr>\r\n<\/thead>\r\n<tbody>\r\n<tr class=\"success\">\r\n<td>Intervenci\u00f3n<\/td>\r\n<td>Dr. Claudio Samaniego<\/td>\r\n<td>intervencion@iasep.gob.ar<\/td>\r\n<\/tr>\r\n<tr class=\"info\">\r\n<td>Secretaria General<\/td>\r\n<td>C.P. Barbosa Graciela<\/td>\r\n<td>secretariageneral@iasep.gob.ar<\/td>\r\n<\/tr>\r\n<tr class=\"success\">\r\n<td>Gerencia de Prestaciones<\/td>\r\n<td>Mar\u00eda Amalia Arce<\/td>\r\n<td>gerenciadeprestaciones@iasep.gob.ar<\/td>\r\n<\/tr>\r\n<tr class=\"info\">\r\n<td>Gerencia de Finanzas<\/td>\r\n<td>C.P. Marlene Josefina Gonz\u00e1lez<\/td>\r\n<td>gerenciadefinanzas@iasep.gob.ar<\/td>\r\n<\/tr>\r\n<tr class=\"success\">\r\n<td>Afiliaciones<\/td>\r\n<td>Delia Vallejos<\/td>\r\n<td>afiliaciones@iasep.gob.ar<\/td>\r\n<\/tr>\r\n<tr class=\"info\">\r\n<td>Auditor\u00eda M\u00e9dica<\/td>\r\n<td>\u00a0<\/td>\r\n<td>auditoriamedica@iasep.gob.ar<\/td>\r\n<\/tr>\r\n<tr class=\"success\">\r\n<td>Control Administrativo de Prestaciones<\/td>\r\n<td>Mariela Basconcel<\/td>\r\n<td>capresta@iasep.gob.ar<\/td>\r\n<\/tr>\r\n<tr class=\"info\">\r\n<td>Cuenta Corriente<\/td>\r\n<td>Candia Silvina<\/td>\r\n<td>cuentacorriente@iasep.gob.ar<\/td>\r\n<\/tr>\r\n<tr class=\"succes\">\r\n<td>Delegaciones del Interior<\/td>\r\n<td>Nancy Adela Silva<\/td>\r\n<td>delegacionesdelinterior@iasep.gob.ar<\/td>\r\n<\/tr>\r\n<tr class=\"info\">\r\n<td>Departamento Compras<\/td>\r\n<td>C.P. Silvana Arca<\/td>\r\n<td>departamentocompras@iasep.gob.ar<\/td>\r\n<\/tr>\r\n<tr class=\"succes\">\r\n<td>Departamento Contable<\/td>\r\n<td>C.P. Mabel Alfonso<\/td>\r\n<td>departamentocontable@iasep.gob.ar<\/td>\r\n<\/tr>\r\n<tr class=\"info\">\r\n<td>Derivaciones<\/td>\r\n<td>Mirian M. Benitez<\/td>\r\n<td>derivaciones@iasep.gob.ar<\/td>\r\n<\/tr>\r\n<tr class=\"succes\">\r\n<td>Despacho<\/td>\r\n<td>Zunilda A. Ch\u00e1vez<\/td>\r\n<td>despacho@iasep.gob.ar<\/td>\r\n<\/tr>\r\n<tr class=\"info\">\r\n<td>Farmacia<\/td>\r\n<td>C.P. Lorena Andrea Aranda\u00a0<\/td>\r\n<td>farmacia@iasep.gob.ar<\/td>\r\n<\/tr>\r\n<tr class=\"succes\">\r\n<td>Control de Aportes<\/td>\r\n<td>Nahuel Fleitas<\/td>\r\n<td>iasep.controldeaportes@formosa.gov.ar<\/td>\r\n<\/tr>\r\n<tr class=\"info\">\r\n<td>Jefe de Despacho<\/td>\r\n<td>Ger\u00f3nimo G\u00f3mez<\/td>\r\n<td>jefedespacho@iasep.gob.ar<\/td>\r\n<\/tr>\r\n<tr class=\"success\">\r\n<td>Legales<\/td>\r\n<td>Dr. Pablo Rodolfo Mi\u00f1o<\/td>\r\n<td>legales@iasep.gob.ar<\/td>\r\n<\/tr>\r\n<tr class=\"info\">\r\n<td>Mesa de Entrada<\/td>\r\n<td>Jos\u00e9 Alberto Mendoza<\/td>\r\n<td>mesadeentrada@iasep.gob.ar<\/td>\r\n<\/tr>\r\n<tr class=\"succes\">\r\n<td>Odontolog\u00eda<\/td>\r\n<td>Miryan Edith L\u00f3pez M\u00e9ndez<\/td>\r\n<td>odontologia@iasep.gob.ar<\/td>\r\n<\/tr>\r\n<tr class=\"info\">\r\n<td>\u00d3ptica<\/td>\r\n<td>Mabel Edith Pereira<\/td>\r\n<td>optica@iasep.gob.ar<\/td>\r\n<\/tr>\r\n<tr class=\"succes\">\r\n<td>Patrimonio<\/td>\r\n<td>Daniel Villalba<\/td>\r\n<td>patrimonio@iasep.gob.ar<\/td>\r\n<\/tr>\r\n<tr class=\"info\">\r\n<td>Personal<\/td>\r\n<td>Diego Santacruz<\/td>\r\n<td>personal@iasep.gob.ar<\/td>\r\n<\/tr>\r\n<tr class=\"succes\">\r\n<td>Pedido de Fondo<\/td>\r\n<td>Ricardo Adri\u00e1n De Pedro<\/td>\r\n<td>rdepedro@formosa.gob.ar<\/td>\r\n<\/tr>\r\n<tr class=\"info\">\r\n<td>Rendici\u00f3n de Cuenta<\/td>\r\n<td>C.P. Sivana M. Benitez<\/td>\r\n<td>rendiciondecuenta@formosa.gov.ar<\/td>\r\n<\/tr>\r\n<tr class=\"succes\">\r\n<td>Secretaria Intervenci\u00f3n<\/td>\r\n<td>\u00a0<\/td>\r\n<td>secretariaintervencion@iasep.gob.ar<\/td>\r\n<\/tr>\r\n<tr class=\"info\">\r\n<td>Servicios Sociales y Derivaci\u00f3n<\/td>\r\n<td>Ben\u00edtez Miriam Mercedes<\/td>\r\n<td>serviciosociales@iasep.gob.ar<\/td>\r\n<\/tr>\r\n<tr class=\"success\">\r\n<td>Stock de Medicamentos<\/td>\r\n<td>Zayas Areco Milena Mariana<\/td>\r\n<td>stock@iasep.gob.ar<\/td>\r\n<\/tr>\r\n<tr class=\"info\">\r\n<td>Recepci\u00f3n y Control de Medicamentos<\/td>\r\n<td>Rosana Soledad Stays<\/td>\r\n<td>stock@iasep.gob.ar<\/td>\r\n<\/tr>\r\n<tr class=\"succes\">\r\n<td>Tesorer\u00eda<\/td>\r\n<td>C.P. M\u00f3nica Toledo<\/td>\r\n<td>tesoreria@iasep.gob.ar<\/td>\r\n<\/tr>\r\n<tr class=\"info\">\r\n<td>Inform\u00e1tica<\/td>\r\n<td>Ricardo R\u00edos<\/td>\r\n<td>ciasep@iasep.gob.ar<\/td>\r\n<\/tr>\r\n<\/tbody>\r\n<\/table>\r\n<\/div>\r\n<\/div>\r\n<\/div>\r\n<\/div>","protected":false},"excerpt":{"rendered":"<p>Correos Institucionales por Oficina Oficina Responsable Correo Electr\u00f3nico Intervenci\u00f3n Dr. Claudio Samaniego intervencion@iasep.gob.ar Secretaria General C.P. Barbosa Graciela secretariageneral@iasep.gob.ar Gerencia de Prestaciones Mar\u00eda Amalia Arce gerenciadeprestaciones@iasep.gob.ar Gerencia de Finanzas C.P. Marlene Josefina Gonz\u00e1lez gerenciadefinanzas@iasep.gob.ar Afiliaciones Delia Vallejos afiliaciones@iasep.gob.ar Auditor\u00eda M\u00e9dica \u00a0 auditoriamedica@iasep.gob.ar Control Administrativo de Prestaciones Mariela Basconcel capresta@iasep.gob.ar Cuenta Corriente Candia Silvina cuentacorriente@iasep.gob.ar Delegaciones [&hellip;]<\/p>\n","protected":false},"author":1,"featured_media":0,"parent":0,"menu_order":0,"comment_status":"closed","ping_status":"closed","template":"","meta":{"footnotes":""},"class_list":["post-285","page","type-page","status-publish","hentry"],"_links":{"self":[{"href":"https:\/\/iasep.gob.ar\/index.php?rest_route=\/wp\/v2\/pages\/285","targetHints":{"allow":["GET"]}}],"collection":[{"href":"https:\/\/iasep.gob.ar\/index.php?rest_route=\/wp\/v2\/pages"}],"about":[{"href":"https:\/\/iasep.gob.ar\/index.php?rest_route=\/wp\/v2\/types\/page"}],"author":[{"embeddable":true,"href":"https:\/\/iasep.gob.ar\/index.php?rest_route=\/wp\/v2\/users\/1"}],"replies":[{"embeddable":true,"href":"https:\/\/iasep.gob.ar\/index.php?rest_route=%2Fwp%2Fv2%2Fcomments&post=285"}],"version-history":[{"count":21,"href":"https:\/\/iasep.gob.ar\/index.php?rest_route=\/wp\/v2\/pages\/285\/revisions"}],"predecessor-version":[{"id":982,"href":"https:\/\/iasep.gob.ar\/index.php?rest_route=\/wp\/v2\/pages\/285\/revisions\/982"}],"wp:attachment":[{"href":"https:\/\/iasep.gob.ar\/index.php?rest_route=%2Fwp%2Fv2%2Fmedia&parent=285"}],"curies":[{"name":"wp","href":"https:\/\/api.w.org\/{rel}","templated":true}]}}