{"id":287,"date":"2021-01-28T12:49:36","date_gmt":"2021-01-28T12:49:36","guid":{"rendered":"https:\/\/iasep.gob.ar\/wp\/?page_id=287"},"modified":"2021-09-24T07:51:23","modified_gmt":"2021-09-24T10:51:23","slug":"telefonos-internos","status":"publish","type":"page","link":"https:\/\/iasep.gob.ar\/?page_id=287","title":{"rendered":"Telefonos Internos"},"content":{"rendered":"\r\n<div id=\"main\">\r\n<div class=\"container\">\r\n<h2>Tel\u00e9fonos e Internos de la Instituci\u00f3n<\/h2>\r\n<div class=\"fondo\"><!--contenido -->\r\n<div class=\"table-responsive\">\r\n<table class=\"table table-hover\">\r\n<thead style=\"color: #ffffff;\">\r\n<tr class=\"formato\">\r\n<th>Interno<\/th>\r\n<th>Oficina<\/th>\r\n<th>Interno<\/th>\r\n<th>Oficina<\/th>\r\n<\/tr>\r\n<\/thead>\r\n<tbody>\r\n<tr class=\"success\">\r\n<td>227<\/td>\r\n<td>Afiliaciones<\/td>\r\n<td>224<\/td>\r\n<td>Asesor\u00eda Odontol\u00f3gica<\/td>\r\n<\/tr>\r\n<tr class=\"info\">\r\n<td>238<\/td>\r\n<td>Asesoria Legal<\/td>\r\n<td>244<\/td>\r\n<td>Autorizaci\u00f3n y Vta de \u00d3rdenes M\u00e9dicas<\/td>\r\n<\/tr>\r\n<tr class=\"success\">\r\n<td>232<\/td>\r\n<td>Auxiliar Despacho<\/td>\r\n<td>213<\/td>\r\n<td>Auxiliar Finanzas<\/td>\r\n<\/tr>\r\n<tr class=\"info\">\r\n<td>225<\/td>\r\n<td>Auxiliar Auditor\u00eda M\u00e9dica<\/td>\r\n<td>228<\/td>\r\n<td>Auxiliar Gerencia de Prestaciones<\/td>\r\n<\/tr>\r\n<tr class=\"success\">\r\n<td>241<\/td>\r\n<td>Auxiliar Servicio Social<\/td>\r\n<td>254<\/td>\r\n<td>Auxiliar Tesorer\u00eda<\/td>\r\n<\/tr>\r\n<tr class=\"info\">\r\n<td>233<\/td>\r\n<td>Derivaciones<\/td>\r\n<td>218<\/td>\r\n<td>Compras<\/td>\r\n<\/tr>\r\n<tr class=\"success\">\r\n<td>240<\/td>\r\n<td>Inform\u00e1tica Desarrollo<\/td>\r\n<td>231<\/td>\r\n<td>Departamento Compras<\/td>\r\n<\/tr>\r\n<tr class=\"info\">\r\n<td>210<\/td>\r\n<td>Conmutador<\/td>\r\n<td>237<\/td>\r\n<td>Contable<\/td>\r\n<\/tr>\r\n<tr class=\"success\">\r\n<td>259<\/td>\r\n<td>Control Adm. de Prestaciones<\/td>\r\n<td>255<\/td>\r\n<td>Cuenta Corriente<\/td>\r\n<\/tr>\r\n<tr class=\"info\">\r\n<td>212<\/td>\r\n<td>Auxiliar Delegaci\u00f3n del Interior<\/td>\r\n<td>271<\/td>\r\n<td>Legales Discapacidad<\/td>\r\n<\/tr>\r\n<tr class=\"success\">\r\n<td>222<\/td>\r\n<td>Farmacia<\/td>\r\n<td>263<\/td>\r\n<td>Fotocopiadora<\/td>\r\n<\/tr>\r\n<tr class=\"info\">\r\n<td>214<\/td>\r\n<td>Gerencia de Prestaciones<\/td>\r\n<td>215<\/td>\r\n<td>Intendencia<\/td>\r\n<\/tr>\r\n<tr class=\"success\">\r\n<td>220<\/td>\r\n<td>Intervenci\u00f3n<\/td>\r\n<td>256<\/td>\r\n<td>Jefe de Farmacia<\/td>\r\n<\/tr>\r\n<tr class=\"info\">\r\n<td>270<\/td>\r\n<td>Servicios Sociales<\/td>\r\n<td>219<\/td>\r\n<td>Mesa de Entrada<\/td>\r\n<\/tr>\r\n<tr class=\"success\">\r\n<td>226<\/td>\r\n<td>Oftalmolog\u00eda<\/td>\r\n<td>229<\/td>\r\n<td>\u00d3ptica<\/td>\r\n<\/tr>\r\n<tr class=\"info\">\r\n<td>261<\/td>\r\n<td>Pedido de Fondos<\/td>\r\n<td>258<\/td>\r\n<td>Patrimonio<\/td>\r\n<\/tr>\r\n<tr class=\"success\">\r\n<td>216<\/td>\r\n<td>Personal<\/td>\r\n<td>260<\/td>\r\n<td>Rendici\u00f3n de Cuentas<\/td>\r\n<\/tr>\r\n<tr class=\"info\">\r\n<td>243<\/td>\r\n<td>Secretaria Privada<\/td>\r\n<td>245<\/td>\r\n<td>Secretario General<\/td>\r\n<\/tr>\r\n<tr class=\"success\">\r\n<td>248<\/td>\r\n<td>Servicios Especiales<\/td>\r\n<td>267<\/td>\r\n<td>Servicios Sociales<\/td>\r\n<\/tr>\r\n<tr class=\"info\">\r\n<td>217<\/td>\r\n<td>Stock de Medicamentos<\/td>\r\n<td>236<\/td>\r\n<td>Sueldos<\/td>\r\n<\/tr>\r\n<tr class=\"success\">\r\n<td>221<\/td>\r\n<td>Taller de \u00d3ptica<\/td>\r\n<td>235<\/td>\r\n<td>Tesoreria<\/td>\r\n<\/tr>\r\n<tr class=\"info\">\r\n<td>265<\/td>\r\n<td>Inform\u00e1tica Serv. T\u00e9cnico<\/td>\r\n<td>275<\/td>\r\n<td>Jefe de Inform\u00e1tica<\/td>\r\n<\/tr>\r\n<\/tbody>\r\n<\/table>\r\n<\/div>\r\n<\/div>\r\n<\/div>\r\n<!--fin class= container  --><\/div>\r\n<!--fin id= main -->","protected":false},"excerpt":{"rendered":"<p>Tel\u00e9fonos e Internos de la Instituci\u00f3n Interno Oficina Interno Oficina 227 Afiliaciones 224 Asesor\u00eda Odontol\u00f3gica 238 Asesoria Legal 244 Autorizaci\u00f3n y Vta de \u00d3rdenes M\u00e9dicas 232 Auxiliar Despacho 213 Auxiliar Finanzas 225 Auxiliar Auditor\u00eda M\u00e9dica 228 Auxiliar Gerencia de Prestaciones 241 Auxiliar Servicio Social 254 Auxiliar Tesorer\u00eda 233 Derivaciones 218 Compras 240 Inform\u00e1tica Desarrollo 231 [&hellip;]<\/p>\n","protected":false},"author":1,"featured_media":0,"parent":0,"menu_order":0,"comment_status":"closed","ping_status":"closed","template":"","meta":{"footnotes":""},"class_list":["post-287","page","type-page","status-publish","hentry"],"_links":{"self":[{"href":"https:\/\/iasep.gob.ar\/index.php?rest_route=\/wp\/v2\/pages\/287","targetHints":{"allow":["GET"]}}],"collection":[{"href":"https:\/\/iasep.gob.ar\/index.php?rest_route=\/wp\/v2\/pages"}],"about":[{"href":"https:\/\/iasep.gob.ar\/index.php?rest_route=\/wp\/v2\/types\/page"}],"author":[{"embeddable":true,"href":"https:\/\/iasep.gob.ar\/index.php?rest_route=\/wp\/v2\/users\/1"}],"replies":[{"embeddable":true,"href":"https:\/\/iasep.gob.ar\/index.php?rest_route=%2Fwp%2Fv2%2Fcomments&post=287"}],"version-history":[{"count":4,"href":"https:\/\/iasep.gob.ar\/index.php?rest_route=\/wp\/v2\/pages\/287\/revisions"}],"predecessor-version":[{"id":629,"href":"https:\/\/iasep.gob.ar\/index.php?rest_route=\/wp\/v2\/pages\/287\/revisions\/629"}],"wp:attachment":[{"href":"https:\/\/iasep.gob.ar\/index.php?rest_route=%2Fwp%2Fv2%2Fmedia&parent=287"}],"curies":[{"name":"wp","href":"https:\/\/api.w.org\/{rel}","templated":true}]}}